{"id":735,"date":"2018-07-09T07:34:24","date_gmt":"2018-07-09T07:34:24","guid":{"rendered":"https:\/\/monaschnegg.at\/wordpress\/?page_id=735"},"modified":"2024-12-06T10:09:11","modified_gmt":"2024-12-06T10:09:11","slug":"datenschutzerklaerung","status":"publish","type":"page","link":"https:\/\/monaschnegg.at\/wordpress\/datenschutzerklaerung\/","title":{"rendered":"Datenschutzerkl\u00e4rung"},"content":{"rendered":"<p>Ich verarbeite Ihre Daten ausschlie\u00dflich auf Grundlage der gesetzlichen Bestimmungen (DSGVO, TKG 2003). In diesen Datenschutzinformationen informiere ich Sie \u00fcber die wichtigsten Aspekte der Datenverarbeitung im Rahmen unseres pers\u00f6nlichen Kontaktes (Therapiesitzungen) sowie meiner Website.<\/p>\n<p>Verantwortliche<br \/>\nVerantwortliche f\u00fcr die Datenverarbeitung auf dieser Website im Sinne der Datenschutz-Grundverordnung (DSGVO) ist Mag. Mona Schnegg an der unten angegebenen Kontaktadresse.<\/p>\n<p>Kontakt<br \/>\nWenn Sie per E-Mail mit mir Kontakt aufnehmen, speichere ich Ihre E-Mail-Adresse. Diese speichere und verwende ich ausschlie\u00dflich zum Zweck der Beantwortung Ihres Anliegens bzw. f\u00fcr die Kontaktaufnahme. Rechtsgrundlage hierf\u00fcr ist mein berechtigtes Interesse an der Beantwortung Ihres Anliegens gem\u00e4\u00df Art. 6 Abs. 1 lit. f DSGVO. Zielt Ihre Kontaktierung auf den Abschluss eines Vertrages ab, so ist Rechtsgrundlage f\u00fcr die Verarbeitung zus\u00e4tzlich Art. 6 Abs. 1 lit. b DSGVO. Ihre E-Mail-Adresse wird nach Bearbeitung Ihrer Anfrage gel\u00f6scht, wenn sich aus den Umst\u00e4nden ergibt, dass Ihre Anfrage abschlie\u00dfend gekl\u00e4rt ist.<\/p>\n<p>Datenspeicherung<br \/>\nDar\u00fcber hinaus werden zum Zweck der Vertragsabwicklung folgende Daten bei mir gespeichert: Name, Anschrift, Telefonnummer, ggf. E-Mailadresse. Die von Ihnen bereit gestellten Daten sind zur Vertragserf\u00fcllung bzw. zur Durchf\u00fchrung vorvertraglicher Ma\u00dfnahmen erforderlich. Eine Daten\u00fcbermittlung an Dritte erfolgt nicht. S\u00e4mtliche Daten aus dem Vertragsverh\u00e4ltnis werden bis zum Ablauf der gesetzlichen Aufbewahrungsfrist (10 Jahre) gespeichert.<br \/>\nDie Datenverarbeitung erfolgt auf Basis der gesetzlichen Bestimmungen des \u00a7 96 Abs 3 TKG sowie des Art 6 Abs 1 lit a (Einwilligung) und\/oder lit b (notwendig zur Vertragserf\u00fcllung) der DSGVO.<\/p>\n<p>Ihre Rechte<br \/>\nEs stehen Ihnen grunds\u00e4tzlich die Rechte auf Auskunft, Berichtigung, L\u00f6schung, Einschr\u00e4nkung, Daten\u00fcbertragbarkeit, Widerruf und Widerspruch zu. Wenn Sie glauben, dass die Verarbeitung Ihrer Daten gegen das Datenschutzrecht verst\u00f6\u00dft oder Ihre datenschutzrechtlichen Anspr\u00fcche in anderer Weise verletzt worden sind, k\u00f6nnen Sie bei der Aufsichtsbeh\u00f6rde Beschwerde einlegen. In \u00d6sterreich ist dies die Datenschutzbeh\u00f6rde.<\/p>\n<p>Kontaktadresse<br \/>\nSie erreichen mich unter:<br \/>\nMag. Mona Schnegg, MSc<br \/>\nKlinische und Gesundheitspsychologin,<br \/>\nPsychotherapeutin (Integrative Gestalttherapie)<\/p>\n<p>Tel.: 0677-62625839<br \/>\nMail: praxis@monaschnegg.at<\/p>\n<p><strong><span style=\"font-weight: normal;\">PRAXIS<\/span><\/strong><b><br \/>\n<\/b><strong><span style=\"font-weight: normal;\">Roseggerstra\u00dfe 6<\/span><\/strong><b><br \/>\n<\/b><strong><span style=\"font-weight: normal;\">A- 3500 Krems an der Donau<\/span><\/strong><b><\/b><\/p>\n<p>&nbsp;<\/p>\n","protected":false},"excerpt":{"rendered":"<p>Ich verarbeite Ihre Daten ausschlie\u00dflich auf Grundlage der gesetzlichen Bestimmungen (DSGVO, TKG 2003). In diesen Datenschutzinformationen informiere ich Sie \u00fcber die wichtigsten Aspekte der Datenverarbeitung im Rahmen unseres pers\u00f6nlichen Kontaktes (Therapiesitzungen) sowie meiner Website. Verantwortliche Verantwortliche f\u00fcr die Datenverarbeitung auf dieser Website im Sinne der Datenschutz-Grundverordnung (DSGVO) ist Mag. Mona Schnegg an der unten angegebenen &hellip; <a href=\"https:\/\/monaschnegg.at\/wordpress\/datenschutzerklaerung\/\" class=\"more-link\"><span class=\"screen-reader-text\">Datenschutzerkl\u00e4rung<\/span> weiterlesen<\/a><\/p>\n","protected":false},"author":1,"featured_media":0,"parent":0,"menu_order":6,"comment_status":"closed","ping_status":"closed","template":"","meta":{"footnotes":""},"class_list":["post-735","page","type-page","status-publish","hentry"],"_links":{"self":[{"href":"https:\/\/monaschnegg.at\/wordpress\/wp-json\/wp\/v2\/pages\/735","targetHints":{"allow":["GET"]}}],"collection":[{"href":"https:\/\/monaschnegg.at\/wordpress\/wp-json\/wp\/v2\/pages"}],"about":[{"href":"https:\/\/monaschnegg.at\/wordpress\/wp-json\/wp\/v2\/types\/page"}],"author":[{"embeddable":true,"href":"https:\/\/monaschnegg.at\/wordpress\/wp-json\/wp\/v2\/users\/1"}],"replies":[{"embeddable":true,"href":"https:\/\/monaschnegg.at\/wordpress\/wp-json\/wp\/v2\/comments?post=735"}],"version-history":[{"count":8,"href":"https:\/\/monaschnegg.at\/wordpress\/wp-json\/wp\/v2\/pages\/735\/revisions"}],"predecessor-version":[{"id":837,"href":"https:\/\/monaschnegg.at\/wordpress\/wp-json\/wp\/v2\/pages\/735\/revisions\/837"}],"wp:attachment":[{"href":"https:\/\/monaschnegg.at\/wordpress\/wp-json\/wp\/v2\/media?parent=735"}],"curies":[{"name":"wp","href":"https:\/\/api.w.org\/{rel}","templated":true}]}}