{"id":64,"date":"2013-06-09T12:28:25","date_gmt":"2013-06-09T12:28:25","guid":{"rendered":"http:\/\/monaschnegg.at\/wordpress\/?page_id=64"},"modified":"2024-12-04T14:20:38","modified_gmt":"2024-12-04T14:20:38","slug":"startseite-2","status":"publish","type":"page","link":"https:\/\/monaschnegg.at\/wordpress\/","title":{"rendered":"Herzlich Willkommen"},"content":{"rendered":"<p style=\"text-align: left;\"><strong>Liebe Besucherin, lieber Besucher, herzlich willkommen!<\/strong><\/p>\n<p style=\"text-align: left;\">Wir leben in einer Zeit, die oft als rasend bezeichnet wird und in einer Gesellschaft, deren Werte sich st\u00e4ndig zu wandeln scheinen. Auch k\u00f6nnen tiefgreifende Ereignisse uns vor\u00fcbergehend oder langfristig aus der Bahn werfen.<br \/>\nManchmal wird der Leidensdruck so gro\u00df, dass die eigenen Kapazit\u00e4ten und, wenn vorhanden, das soziale Netzwerk nicht mehr auszureichen verm\u00f6gen. Sp\u00e4testens dann empfehle ich professionelle Hilfe zu holen. Psychotherapie kann auch in Anspruch genommen werden, wenn lediglich Selbsterfahrung oder eine Verbesserung der Lebensqualit\u00e4t angestrebt wird.<\/p>\n<p><strong>Im Mittelpunkt stehen Sie als Mensch mit Ihren Bed\u00fcrfnissen, Ihrer Vergangenheit, Ihrem Leid und Ihrer Freude und Ihrem ganz pers\u00f6nlichen Sein im Hier und Jetzt.<\/strong><\/p>\n<p>Mit herzlichen Gr\u00fc\u00dfen,<\/p>\n<p>Mona Schnegg<\/p>\n<p><strong>Termine nach telefonischer Vereinbarung<\/strong><br \/>\nTel.: +43 677 62625839<\/p>\n<p><img decoding=\"async\" src=\"https:\/\/monaschnegg.at\/wordpress\/wp-content\/uploads\/2024\/12\/IMG_20240408_180139.jpg\" \/>Therapieraum in Krems<\/p>\n<p style=\"text-align: center;\"><b><span style=\"font-family: Thread-00000a3c-Id-0000000c;\">\u00a0<\/span><\/b><\/p>\n<p>&nbsp;<\/p>\n","protected":false},"excerpt":{"rendered":"<p>Liebe Besucherin, lieber Besucher, herzlich willkommen! Wir leben in einer Zeit, die oft als rasend bezeichnet wird und in einer Gesellschaft, deren Werte sich st\u00e4ndig zu wandeln scheinen. Auch k\u00f6nnen tiefgreifende Ereignisse uns vor\u00fcbergehend oder langfristig aus der Bahn werfen. Manchmal wird der Leidensdruck so gro\u00df, dass die eigenen Kapazit\u00e4ten und, wenn vorhanden, das soziale &hellip; <a href=\"https:\/\/monaschnegg.at\/wordpress\/\" class=\"more-link\"><span class=\"screen-reader-text\">Herzlich Willkommen<\/span> weiterlesen<\/a><\/p>\n","protected":false},"author":1,"featured_media":0,"parent":0,"menu_order":1,"comment_status":"closed","ping_status":"closed","template":"","meta":{"footnotes":""},"class_list":["post-64","page","type-page","status-publish","hentry"],"_links":{"self":[{"href":"https:\/\/monaschnegg.at\/wordpress\/wp-json\/wp\/v2\/pages\/64","targetHints":{"allow":["GET"]}}],"collection":[{"href":"https:\/\/monaschnegg.at\/wordpress\/wp-json\/wp\/v2\/pages"}],"about":[{"href":"https:\/\/monaschnegg.at\/wordpress\/wp-json\/wp\/v2\/types\/page"}],"author":[{"embeddable":true,"href":"https:\/\/monaschnegg.at\/wordpress\/wp-json\/wp\/v2\/users\/1"}],"replies":[{"embeddable":true,"href":"https:\/\/monaschnegg.at\/wordpress\/wp-json\/wp\/v2\/comments?post=64"}],"version-history":[{"count":41,"href":"https:\/\/monaschnegg.at\/wordpress\/wp-json\/wp\/v2\/pages\/64\/revisions"}],"predecessor-version":[{"id":816,"href":"https:\/\/monaschnegg.at\/wordpress\/wp-json\/wp\/v2\/pages\/64\/revisions\/816"}],"wp:attachment":[{"href":"https:\/\/monaschnegg.at\/wordpress\/wp-json\/wp\/v2\/media?parent=64"}],"curies":[{"name":"wp","href":"https:\/\/api.w.org\/{rel}","templated":true}]}}